{"id":13,"date":"2020-09-09T14:36:17","date_gmt":"2020-09-09T14:36:17","guid":{"rendered":"http:\/\/www.lyckeboforskola.se\/?page_id=13"},"modified":"2021-02-11T19:32:09","modified_gmt":"2021-02-11T19:32:09","slug":"sidan-tva","status":"publish","type":"page","link":"https:\/\/www.lyckeboforskola.se\/?page_id=13","title":{"rendered":"V\u00e5rt arbetss\u00e4tt"},"content":{"rendered":"<p><strong>Vi har ett temainriktat arbetss\u00e4tt<\/strong> f\u00f6r att barnens l\u00e4rande ska bli m\u00e5ngsidigt och f\u00f6r skapa sammanhang.<\/p>\n<p><strong>Vi \u00e4r m\u00e5na om att barnen<\/strong> varje morgon blir mottagna av n\u00e5gon pedagog i hallen n\u00e4r de kommer. Detta g\u00f6r vi bland annat f\u00f6r att skapa trygga relationer till barnen och f\u00e5 dem att k\u00e4nna sig sedda n\u00e4r de kommer.<\/p>\n<p><strong>Vi erbjuder barnen en varierad pedagogisk milj\u00f6<\/strong> med rum f\u00f6r bland annat skapande, konstruktion, lek, vila och utforskande. Milj\u00f6n utformas efter de barn som g\u00e5r h\u00e4r, deras intressen och behov samt efter temat vi arbetar med.<\/p>\n<p><strong>Vi har varierande pedagogiska temainriktade aktiviteter varje dag<\/strong>. S\u00e5ngstund och r\u00f6relse har vi tillsammans hela f\u00f6rskolan en g\u00e5ng i veckan.<\/p>\n<p><strong>Vi \u00e4r ute varje dag i alla v\u00e4der<\/strong>. En g\u00e5ng i veckan g\u00e5r Tomtebobarnen p\u00e5 utflykt.<\/p>\n","protected":false},"excerpt":{"rendered":"<p>Vi har ett temainriktat arbetss\u00e4tt f\u00f6r att barnens l\u00e4rande ska bli m\u00e5ngsidigt och f\u00f6r skapa sammanhang. Vi \u00e4r m\u00e5na om att barnen [&hellip;]<\/p>\n","protected":false},"author":6,"featured_media":0,"parent":0,"menu_order":0,"comment_status":"closed","ping_status":"open","template":"","meta":{"footnotes":""},"class_list":["post-13","page","type-page","status-publish","hentry"],"_links":{"self":[{"href":"https:\/\/www.lyckeboforskola.se\/index.php?rest_route=\/wp\/v2\/pages\/13","targetHints":{"allow":["GET"]}}],"collection":[{"href":"https:\/\/www.lyckeboforskola.se\/index.php?rest_route=\/wp\/v2\/pages"}],"about":[{"href":"https:\/\/www.lyckeboforskola.se\/index.php?rest_route=\/wp\/v2\/types\/page"}],"author":[{"embeddable":true,"href":"https:\/\/www.lyckeboforskola.se\/index.php?rest_route=\/wp\/v2\/users\/6"}],"replies":[{"embeddable":true,"href":"https:\/\/www.lyckeboforskola.se\/index.php?rest_route=%2Fwp%2Fv2%2Fcomments&post=13"}],"version-history":[{"count":22,"href":"https:\/\/www.lyckeboforskola.se\/index.php?rest_route=\/wp\/v2\/pages\/13\/revisions"}],"predecessor-version":[{"id":437,"href":"https:\/\/www.lyckeboforskola.se\/index.php?rest_route=\/wp\/v2\/pages\/13\/revisions\/437"}],"wp:attachment":[{"href":"https:\/\/www.lyckeboforskola.se\/index.php?rest_route=%2Fwp%2Fv2%2Fmedia&parent=13"}],"curies":[{"name":"wp","href":"https:\/\/api.w.org\/{rel}","templated":true}]}}